{"id":1577,"date":"2018-06-29T18:13:57","date_gmt":"2018-06-29T21:13:57","guid":{"rendered":"https:\/\/ies813pabloluppi-chu.infd.edu.ar\/sitio\/biblioteca-2\/"},"modified":"2023-03-02T19:42:59","modified_gmt":"2023-03-02T22:42:59","slug":"biblioteca-2","status":"publish","type":"page","link":"https:\/\/ies813pabloluppi-chu.infd.edu.ar\/sitio\/biblioteca-2\/","title":{"rendered":"BIBLIOTECA"},"content":{"rendered":"<div style=\"text-align: center;\">\n<div style=\"text-align: center;\">\n<h3>Bienvenidos a la Biblioteca!<\/h3>\n<table border=\"0\">\n<tbody>\n<tr>\n<td><img decoding=\"async\" title=\"Imagen p\u00e1gina biblioteca\" src=\"https:\/\/ies813pabloluppi-chu.infd.edu.ar\/sitio\/wp-content\/uploads\/2018\/06\/MAFALDA2.jpg\" alt=\"Imagen p\u00e1gina biblioteca\" border=\"0\" \/><\/td>\n<td>\n<p class=\"MsoNormal\"><span style=\"font-size: 14.0pt; line-height: 115%;\">Es nuestra intenci\u00f3n convertir la biblioteca en un centro de recursos para el aprendizaje destinado a toda nuestra comunidad educativa\u2026 Estamos trabajando a todo pulm\u00f3n!!!<\/span><\/p>\n<\/td>\n<\/tr>\n<\/tbody>\n<\/table>\n<p class=\"MsoNormal\" style=\"text-align: justify;\"><span lang=\"ES\">El fondo inicial de la Biblioteca de nuestro Instituto est\u00e1 conformado por recursos donados por el CAIE de regi\u00f3n I de Golondrinas cuando \u00e9ste dej\u00f3 de funcionar.<\/span><\/p>\n<p class=\"MsoNormal\" style=\"text-align: justify;\"><span lang=\"ES\">De esta forma se incorporaron libros de educaci\u00f3n en general para el docente y el alumno, videos y algunas publicaciones peri\u00f3dicas pero no espec\u00edficos para la carrera de nuestro profesorado.<\/span><\/p>\n<p class=\"MsoNormal\" style=\"text-align: justify;\"><span lang=\"ES\">Sobre la marcha el Instituto fue incorporando algunas publicaciones peri\u00f3dicas espec\u00edficas con afinidad a las carreras que se estaban dictando, sumamos donaciones de docentes, vecinos y el Ministerio de Educaci\u00f3n qui\u00e9n nos hizo llegar una partida de libros de literatura. A partir de proyectos puestos en marcha por nuestra casa incorporamos \u00faltimamente una primera compra peque\u00f1a de libros destinada a las carreras que durante el 2009 se est\u00e1n dictando.<\/span><\/p>\n<p class=\"MsoNormal\" style=\"text-align: justify;\"><span lang=\"ES\">Nuestro fondo, a la fecha, es incompleto y escaso pero nuestro compromiso nos puso a trabajar en la \u201cBiblioteca Virtual\u201d con el deseo de poder compensar, de alguna forma las necesidades de nuestros usuarios.<\/span><\/p>\n<p class=\"MsoNormal\" style=\"text-align: justify;\"><span lang=\"ES\">Podr\u00e1 consultar nuestros libros y materiales disponibles de lunes a viernes en el horario del Instituto.<\/span><\/p>\n<p class=\"MsoNormal\" style=\"text-align: justify;\"><span lang=\"ES\">Esperamos poder conformar un espacio de interacci\u00f3n formal y no formal, de comunicaci\u00f3n y encuentro; construir b\u00e1sica y sencillamente, un lugar donde crecer, y hacer realidad el placer de leer e investigar en el espacio real y en el ciberespacio.<\/span><\/p>\n<p class=\"MsoNormal\" style=\"text-align: center;\">\n<p class=\"MsoNormal\" style=\"text-align: center;\"><span lang=\"ES\"><a href=\"https:\/\/docs.google.com\/forms\/d\/e\/1FAIpQLSfJyL1IfGR4GeLwnUdfJswe26SPHOvmt9HDA_14i-KdW33pGA\/viewform?usp=sf_link\"><img decoding=\"async\" src=\"https:\/\/docs.google.com\/forms\/d\/18TrTAQHZH1TaYrdlSDccrt0Ve5UnJB951ssUxjztBrI\/edit?usp=sharing\" alt=\"\" border=\"0\" \/><img decoding=\"async\" src=\"https:\/\/docs.google.com\/forms\/d\/18TrTAQHZH1TaYrdlSDccrt0Ve5UnJB951ssUxjztBrI\/edit?usp=sharing\" alt=\"\" border=\"0\" \/><\/a><\/span><\/p>\n<p class=\"MsoNormal\" style=\"text-align: justify;\"><span lang=\"ES\">\u00a0<\/span><\/p>\n<p class=\"MsoNormal\" style=\"text-align: justify;\"><span lang=\"ES\"><span style=\"mso-spacerun: yes;\">\u00a0<\/span><\/span><\/p>\n<\/div>\n<\/div>\n","protected":false},"excerpt":{"rendered":"<p>Bienvenidos a la Biblioteca! Es nuestra intenci\u00f3n convertir la biblioteca en un centro de recursos para el aprendizaje destinado a toda nuestra comunidad educativa\u2026 Estamos trabajando a todo pulm\u00f3n!!! El fondo inicial de la Biblioteca de nuestro Instituto est\u00e1 conformado por recursos donados por el CAIE de regi\u00f3n I de Golondrinas cuando \u00e9ste dej\u00f3 de &#8230; <a title=\"BIBLIOTECA\" class=\"read-more\" href=\"https:\/\/ies813pabloluppi-chu.infd.edu.ar\/sitio\/biblioteca-2\/\" aria-label=\"More on BIBLIOTECA\">[+]<\/a><\/p>\n","protected":false},"author":935,"featured_media":0,"parent":0,"menu_order":0,"comment_status":"closed","ping_status":"closed","template":"","meta":[],"acf":[],"_links":{"self":[{"href":"https:\/\/ies813pabloluppi-chu.infd.edu.ar\/sitio\/wp-json\/wp\/v2\/pages\/1577"}],"collection":[{"href":"https:\/\/ies813pabloluppi-chu.infd.edu.ar\/sitio\/wp-json\/wp\/v2\/pages"}],"about":[{"href":"https:\/\/ies813pabloluppi-chu.infd.edu.ar\/sitio\/wp-json\/wp\/v2\/types\/page"}],"author":[{"embeddable":true,"href":"https:\/\/ies813pabloluppi-chu.infd.edu.ar\/sitio\/wp-json\/wp\/v2\/users\/935"}],"replies":[{"embeddable":true,"href":"https:\/\/ies813pabloluppi-chu.infd.edu.ar\/sitio\/wp-json\/wp\/v2\/comments?post=1577"}],"version-history":[{"count":7,"href":"https:\/\/ies813pabloluppi-chu.infd.edu.ar\/sitio\/wp-json\/wp\/v2\/pages\/1577\/revisions"}],"predecessor-version":[{"id":5386,"href":"https:\/\/ies813pabloluppi-chu.infd.edu.ar\/sitio\/wp-json\/wp\/v2\/pages\/1577\/revisions\/5386"}],"wp:attachment":[{"href":"https:\/\/ies813pabloluppi-chu.infd.edu.ar\/sitio\/wp-json\/wp\/v2\/media?parent=1577"}],"curies":[{"name":"wp","href":"https:\/\/api.w.org\/{rel}","templated":true}]}}