{"id":1594,"date":"2018-07-26T14:10:35","date_gmt":"2018-07-26T17:10:35","guid":{"rendered":"https:\/\/ies813pabloluppi-chu.infd.edu.ar\/sitio\/?page_id=1594"},"modified":"2018-07-26T14:10:35","modified_gmt":"2018-07-26T17:10:35","slug":"postitulo-docente-de-actualizacion-academica-en-educacion-matematica-para-el-nivel-primario","status":"publish","type":"page","link":"https:\/\/ies813pabloluppi-chu.infd.edu.ar\/sitio\/postitulo-docente-de-actualizacion-academica-en-educacion-matematica-para-el-nivel-primario\/","title":{"rendered":"POST\u00cdTULO: Docente de Actualizaci\u00f3n Acad\u00e9mica en Educaci\u00f3n Matem\u00e1tica para el Nivel Primario"},"content":{"rendered":"<p>&nbsp;<\/p>\n<p style=\"text-align: center;\"><span style=\"font-family: comic sans ms,sans-serif; color: #339966; font-size: 18pt;\">Comienzo el&nbsp; 19 de marzo a las 10 hs.<\/span><\/p>\n<p style=\"text-align: center;\">Carrera a T&eacute;rmino<br \/>Duraci&oacute;n: 1 a&ntilde;o<br \/>Semipresencial &#8211; s&aacute;bados de 9 a 18 hs- Cada 15 d&iacute;as<br \/>Destinatarios: Docentes de Nivel Primario con 3 (tres) a&ntilde;os de experiencia en el Nivel.<\/p>\n<p style=\"text-align: center;\"><a href=\"https:\/\/ies813pabloluppi-chu.infd.edu.ar\/aula\/\"><\/a><span style=\"color: #ff0000;\"><strong><a href=\"https:\/\/ies813pabloluppi-chu.infd.edu.ar\/aula\/acceso.cgi?wIdSeccion=82\" target=\"_blank\">Aula Virtual<\/a><\/strong><\/span><\/p><\/p>\n","protected":false},"excerpt":{"rendered":"<p>&nbsp; Comienzo el&nbsp; 19 de marzo a las 10 hs. Carrera a T&eacute;rminoDuraci&oacute;n: 1 a&ntilde;oSemipresencial &#8211; s&aacute;bados de 9 a 18 hs- Cada 15 d&iacute;asDestinatarios: Docentes de Nivel Primario con 3 (tres) a&ntilde;os de experiencia en el Nivel. Aula Virtual<\/p>\n","protected":false},"author":935,"featured_media":0,"parent":0,"menu_order":0,"comment_status":"closed","ping_status":"closed","template":"","meta":[],"acf":[],"_links":{"self":[{"href":"https:\/\/ies813pabloluppi-chu.infd.edu.ar\/sitio\/wp-json\/wp\/v2\/pages\/1594"}],"collection":[{"href":"https:\/\/ies813pabloluppi-chu.infd.edu.ar\/sitio\/wp-json\/wp\/v2\/pages"}],"about":[{"href":"https:\/\/ies813pabloluppi-chu.infd.edu.ar\/sitio\/wp-json\/wp\/v2\/types\/page"}],"author":[{"embeddable":true,"href":"https:\/\/ies813pabloluppi-chu.infd.edu.ar\/sitio\/wp-json\/wp\/v2\/users\/935"}],"replies":[{"embeddable":true,"href":"https:\/\/ies813pabloluppi-chu.infd.edu.ar\/sitio\/wp-json\/wp\/v2\/comments?post=1594"}],"version-history":[{"count":1,"href":"https:\/\/ies813pabloluppi-chu.infd.edu.ar\/sitio\/wp-json\/wp\/v2\/pages\/1594\/revisions"}],"predecessor-version":[{"id":1807,"href":"https:\/\/ies813pabloluppi-chu.infd.edu.ar\/sitio\/wp-json\/wp\/v2\/pages\/1594\/revisions\/1807"}],"wp:attachment":[{"href":"https:\/\/ies813pabloluppi-chu.infd.edu.ar\/sitio\/wp-json\/wp\/v2\/media?parent=1594"}],"curies":[{"name":"wp","href":"https:\/\/api.w.org\/{rel}","templated":true}]}}