{"id":1763,"date":"2021-11-10T11:16:11","date_gmt":"2021-11-10T14:16:11","guid":{"rendered":"https:\/\/ies813pabloluppi-chu.infd.edu.ar\/sitio\/?page_id=1763"},"modified":"2025-11-26T18:57:06","modified_gmt":"2025-11-26T21:57:06","slug":"profesorado-de-educacion-secundaria-en-fisica-4","status":"publish","type":"page","link":"https:\/\/ies813pabloluppi-chu.infd.edu.ar\/sitio\/profesorado-de-educacion-secundaria-en-fisica-4\/","title":{"rendered":"Profesorado de Educaci\u00f3n Secundaria en F\u00edsica"},"content":{"rendered":"\n<p>Coordinador: C\u00e9sar Lera<\/p>\n\n\n\n<p>Si necesitas m\u00e1s informaci\u00f3n, podes ponerte en contacto con el coordinador de la carrera<\/p>\n\n\n\n<p class=\"has-drop-cap\">Se cursa \u00fanicamente en la sede Lago Puelo del Instituto. La primera corte de la carrera fue en el a\u00f1o 2015 de dicha corte egresaron en 2018 los primeros 5 egresados. En los a\u00f1o 2016, 2017 y 2018 se organizaron encuentros de Ense\u00f1anza de la F\u00edsica del Noroeste del Chubut conjuntamente con el ISFD 804 de Esquel, alternativamente en la sede de Lago Puelo y de Esquel, en ese \u00e1mbito se realizaron conferencias y talleres de capacitaci\u00f3n docente.. En 2019 organizamos una conferencia\/capacitaci\u00f3n sobre le ense\u00f1anza no formal de la F\u00edsica ya sea en asociaciones vecinales, museos, etc.. en 2020 y 2021 se organizaron Congresos de Ense\u00f1anza de la F\u00edsica del Noroeste del Chubut en forma virtual con la participaci\u00f3n de conferencista de nivel internacional. en 2019 y 2020 participamos activamente en la Semana de la Ciencia organizada por el Ministerio de Ciencia, Tecnolog\u00eda e Innovaci\u00f3n de la Naci\u00f3n.<\/p>\n\n\n\n<p>La carrera cuenta tambi\u00e9n con un Blog (&nbsp;<a rel=\"noreferrer noopener\" href=\"http:\/\/fisicaenelpabloluppi.blogspot.com\/\" target=\"_blank\">FPL<\/a>&nbsp;) y un canal en You Tube (<a rel=\"noreferrer noopener\" href=\"https:\/\/www.youtube.com\/channel\/UCU7FJzvEyiLJwcxhw-nx5UA\" target=\"_blank\">https:\/\/www.youtube.com\/channel\/UCU7FJzvEyiLJwcxhw-nx5UA<\/a>), donde podran encontrar las \u00faltimas novedades de la misma.<\/p>\n","protected":false},"excerpt":{"rendered":"<p>Coordinador: C\u00e9sar Lera Si necesitas m\u00e1s informaci\u00f3n, podes ponerte en contacto con el coordinador de la carrera Se cursa \u00fanicamente en la sede Lago Puelo del Instituto. La primera corte de la carrera fue en el a\u00f1o 2015 de dicha corte egresaron en 2018 los primeros 5 egresados. En los a\u00f1o 2016, 2017 y 2018 &#8230; <a title=\"Profesorado de Educaci\u00f3n Secundaria en F\u00edsica\" class=\"read-more\" href=\"https:\/\/ies813pabloluppi-chu.infd.edu.ar\/sitio\/profesorado-de-educacion-secundaria-en-fisica-4\/\" aria-label=\"More on Profesorado de Educaci\u00f3n Secundaria en F\u00edsica\">[+]<\/a><\/p>\n","protected":false},"author":935,"featured_media":0,"parent":0,"menu_order":0,"comment_status":"closed","ping_status":"closed","template":"","meta":[],"acf":[],"_links":{"self":[{"href":"https:\/\/ies813pabloluppi-chu.infd.edu.ar\/sitio\/wp-json\/wp\/v2\/pages\/1763"}],"collection":[{"href":"https:\/\/ies813pabloluppi-chu.infd.edu.ar\/sitio\/wp-json\/wp\/v2\/pages"}],"about":[{"href":"https:\/\/ies813pabloluppi-chu.infd.edu.ar\/sitio\/wp-json\/wp\/v2\/types\/page"}],"author":[{"embeddable":true,"href":"https:\/\/ies813pabloluppi-chu.infd.edu.ar\/sitio\/wp-json\/wp\/v2\/users\/935"}],"replies":[{"embeddable":true,"href":"https:\/\/ies813pabloluppi-chu.infd.edu.ar\/sitio\/wp-json\/wp\/v2\/comments?post=1763"}],"version-history":[{"count":6,"href":"https:\/\/ies813pabloluppi-chu.infd.edu.ar\/sitio\/wp-json\/wp\/v2\/pages\/1763\/revisions"}],"predecessor-version":[{"id":6920,"href":"https:\/\/ies813pabloluppi-chu.infd.edu.ar\/sitio\/wp-json\/wp\/v2\/pages\/1763\/revisions\/6920"}],"wp:attachment":[{"href":"https:\/\/ies813pabloluppi-chu.infd.edu.ar\/sitio\/wp-json\/wp\/v2\/media?parent=1763"}],"curies":[{"name":"wp","href":"https:\/\/api.w.org\/{rel}","templated":true}]}}