{"id":1770,"date":"2018-06-29T18:15:22","date_gmt":"2018-06-29T21:15:22","guid":{"rendered":"https:\/\/ies813pabloluppi-chu.infd.edu.ar\/sitio\/anexo-epuyen\/"},"modified":"2025-03-13T21:00:40","modified_gmt":"2025-03-14T00:00:40","slug":"anexo-epuyen","status":"publish","type":"page","link":"https:\/\/ies813pabloluppi-chu.infd.edu.ar\/sitio\/anexo-epuyen\/","title":{"rendered":"Anexo EPUY\u00c9N"},"content":{"rendered":"\n<div class=\"wp-block-group has-background is-layout-flow\" style=\"background-color:#c4e9ff\"><div class=\"wp-block-group__inner-container\">\n<h2 class=\"wp-block-heading has-medium-font-size\"><strong>Actualmente funciona en el edificio de la Escuela N\u00b0 774,  sobre la <strong>Av. Los Halcones S\/N<\/strong>. En la localidad de Epuy\u00e9n.<\/strong><\/h2>\n\n\n\n<p><\/p>\n\n\n\n<p class=\"has-text-align-center\"><strong>Coordinadora: Prof. Linda Vanina Chejol\u00e1n <\/strong><\/p>\n\n\n\n<p>Bedela: Prof. Milva Gorostidi<\/p>\n\n\n\n<p>Horario del anexo:&nbsp;<strong>lunes a viernes desde las 18:15 a 22.00hs.<\/strong><\/p>\n\n\n\n<p class=\"has-medium-font-size\"><strong>Tel\u00e9fono: (02945)499584 y mail de contacto:&nbsp;<a href=\"mailto:isfd813epuyen@gmail.com\" target=\"_blank\" rel=\"noreferrer noopener\">isfd813epuyen@gmail.com<\/a><\/strong><\/p>\n\n\n\n<p class=\"has-text-align-center has-white-color has-text-color has-background\" style=\"background-color:#062436\"><strong>Carreras: Prof. de Educaci\u00f3n Primaria, Prof. de Educaci\u00f3n Secundaria en Historia, Profesorado de Educaci\u00f3n Secundaria en Lengua y Literatura y Profesorado de Educaci\u00f3n Secundaria en Biolog\u00eda. <\/strong><\/p>\n<\/div><\/div>\n\n\n\n<p class=\"has-white-color has-text-color\"><\/p>\n","protected":false},"excerpt":{"rendered":"<p>Actualmente funciona en el edificio de la Escuela N\u00b0 774, sobre la Av. Los Halcones S\/N. En la localidad de Epuy\u00e9n. Coordinadora: Prof. Linda Vanina Chejol\u00e1n Bedela: Prof. Milva Gorostidi Horario del anexo:&nbsp;lunes a viernes desde las 18:15 a 22.00hs. Tel\u00e9fono: (02945)499584 y mail de contacto:&nbsp;isfd813epuyen@gmail.com Carreras: Prof. de Educaci\u00f3n Primaria, Prof. de Educaci\u00f3n Secundaria &#8230; <a title=\"Anexo EPUY\u00c9N\" class=\"read-more\" href=\"https:\/\/ies813pabloluppi-chu.infd.edu.ar\/sitio\/anexo-epuyen\/\" aria-label=\"More on Anexo EPUY\u00c9N\">[+]<\/a><\/p>\n","protected":false},"author":935,"featured_media":0,"parent":0,"menu_order":0,"comment_status":"closed","ping_status":"closed","template":"","meta":[],"acf":[],"_links":{"self":[{"href":"https:\/\/ies813pabloluppi-chu.infd.edu.ar\/sitio\/wp-json\/wp\/v2\/pages\/1770"}],"collection":[{"href":"https:\/\/ies813pabloluppi-chu.infd.edu.ar\/sitio\/wp-json\/wp\/v2\/pages"}],"about":[{"href":"https:\/\/ies813pabloluppi-chu.infd.edu.ar\/sitio\/wp-json\/wp\/v2\/types\/page"}],"author":[{"embeddable":true,"href":"https:\/\/ies813pabloluppi-chu.infd.edu.ar\/sitio\/wp-json\/wp\/v2\/users\/935"}],"replies":[{"embeddable":true,"href":"https:\/\/ies813pabloluppi-chu.infd.edu.ar\/sitio\/wp-json\/wp\/v2\/comments?post=1770"}],"version-history":[{"count":27,"href":"https:\/\/ies813pabloluppi-chu.infd.edu.ar\/sitio\/wp-json\/wp\/v2\/pages\/1770\/revisions"}],"predecessor-version":[{"id":6643,"href":"https:\/\/ies813pabloluppi-chu.infd.edu.ar\/sitio\/wp-json\/wp\/v2\/pages\/1770\/revisions\/6643"}],"wp:attachment":[{"href":"https:\/\/ies813pabloluppi-chu.infd.edu.ar\/sitio\/wp-json\/wp\/v2\/media?parent=1770"}],"curies":[{"name":"wp","href":"https:\/\/api.w.org\/{rel}","templated":true}]}}