{"id":286,"date":"2016-10-31T13:17:59","date_gmt":"2016-10-31T16:17:59","guid":{"rendered":"https:\/\/ies813pabloluppi-chu.infd.edu.ar\/sitio\/?page_id=286"},"modified":"2026-03-11T20:34:50","modified_gmt":"2026-03-11T23:34:50","slug":"inicio","status":"publish","type":"page","link":"https:\/\/ies813pabloluppi-chu.infd.edu.ar\/sitio\/","title":{"rendered":"Inicio"},"content":{"rendered":"<p><!--\n\n<div style=\"position: relative; width: 100%; height: 0; padding-top: 100.0000%; padding-bottom: 0; box-shadow: 0 2px 8px 0 rgba(63,69,81,0.16); margin-top: 1.6em; margin-bottom: 0.9em; overflow: hidden; border-radius: 8px; will-change: transform;\">\u00a0 <iframe style=\"position: absolute; width: 100%; height: 100%; top: 0; left: 0; border: none; padding: 0; margin: 0;\" src=\"https:\/\/www.canva.com\/design\/DAHCSQs5QZs\/rss4Rc2sYall9pIDuwe0zw\/view?embed\" allowfullscreen=\"allowfullscreen\">\n\u00a0 <\/iframe><\/div>\n\n--><\/p>\n<p><img decoding=\"async\" loading=\"lazy\" class=\"wp-image-7087 aligncenter\" src=\"https:\/\/ies813pabloluppi-chu.infd.edu.ar\/sitio\/wp-content\/uploads\/2026\/03\/WhatsApp-Image-2026-03-11-at-16.49.38-709x1000.jpeg\" alt=\"\" width=\"300\" height=\"424\" srcset=\"https:\/\/ies813pabloluppi-chu.infd.edu.ar\/sitio\/wp-content\/uploads\/2026\/03\/WhatsApp-Image-2026-03-11-at-16.49.38-709x1000.jpeg 709w, https:\/\/ies813pabloluppi-chu.infd.edu.ar\/sitio\/wp-content\/uploads\/2026\/03\/WhatsApp-Image-2026-03-11-at-16.49.38-768x1083.jpeg 768w, https:\/\/ies813pabloluppi-chu.infd.edu.ar\/sitio\/wp-content\/uploads\/2026\/03\/WhatsApp-Image-2026-03-11-at-16.49.38-1090x1536.jpeg 1090w, https:\/\/ies813pabloluppi-chu.infd.edu.ar\/sitio\/wp-content\/uploads\/2026\/03\/WhatsApp-Image-2026-03-11-at-16.49.38.jpeg 1135w\" sizes=\"(max-width: 300px) 100vw, 300px\" \/><\/p>\n<h1 style=\"text-align: center;\"><img decoding=\"async\" loading=\"lazy\" class=\"wp-image-6556 alignleft\" src=\"https:\/\/ies813pabloluppi-chu.infd.edu.ar\/sitio\/wp-content\/uploads\/2025\/02\/imagen-pagina-de-incio-ies-684x1000.jpeg\" alt=\"\" width=\"244\" height=\"356\" srcset=\"https:\/\/ies813pabloluppi-chu.infd.edu.ar\/sitio\/wp-content\/uploads\/2025\/02\/imagen-pagina-de-incio-ies-684x1000.jpeg 684w, https:\/\/ies813pabloluppi-chu.infd.edu.ar\/sitio\/wp-content\/uploads\/2025\/02\/imagen-pagina-de-incio-ies.jpeg 720w\" sizes=\"(max-width: 244px) 100vw, 244px\" \/><\/h1>\n<h3>\u00a0<\/h3>\n<h3 style=\"text-align: center;\"><strong><em>Querida comunidad educativa les damos la<\/em><\/strong><\/h3>\n<h3 style=\"text-align: center;\"><strong><em>\u00a0bienvenida a este nuevo ciclo lectivo que nos encuentra en el camino de la formaci\u00f3n docente y t\u00e9cnica.<\/em><\/strong><\/h3>\n<h3 style=\"text-align: center;\"><strong><em>Abrazamos con mucha alegr\u00eda a quienes est\u00e1n iniciando este recorrido por la Educaci\u00f3n Superior P\u00fablica, Gratuita, Laica e Inclusiva.<\/em><\/strong><\/h3>\n<h3>\u00a0<\/h3>\n<p>&nbsp;<\/p>\n<h5><a href=\"https:\/\/ies813pabloluppi-chu.infd.edu.ar\/sitio\/llamados-a-concurso\/\"><img decoding=\"async\" loading=\"lazy\" class=\"wp-image-6573 alignleft\" src=\"https:\/\/ies813pabloluppi-chu.infd.edu.ar\/sitio\/wp-content\/uploads\/2025\/02\/WhatsApp-Image-2025-02-27-at-12.56.07-1000x562.jpeg\" alt=\"\" width=\"235\" height=\"132\" data-wp-editing=\"1\" srcset=\"https:\/\/ies813pabloluppi-chu.infd.edu.ar\/sitio\/wp-content\/uploads\/2025\/02\/WhatsApp-Image-2025-02-27-at-12.56.07-1000x562.jpeg 1000w, https:\/\/ies813pabloluppi-chu.infd.edu.ar\/sitio\/wp-content\/uploads\/2025\/02\/WhatsApp-Image-2025-02-27-at-12.56.07-768x432.jpeg 768w, https:\/\/ies813pabloluppi-chu.infd.edu.ar\/sitio\/wp-content\/uploads\/2025\/02\/WhatsApp-Image-2025-02-27-at-12.56.07-1536x864.jpeg 1536w, https:\/\/ies813pabloluppi-chu.infd.edu.ar\/sitio\/wp-content\/uploads\/2025\/02\/WhatsApp-Image-2025-02-27-at-12.56.07.jpeg 1599w\" sizes=\"(max-width: 235px) 100vw, 235px\" \/><\/a><a href=\"https:\/\/ies813pabloluppi-chu.infd.edu.ar\/sitio\/tutoriales-recursos-cursos\/\" target=\"_blank\" rel=\"noopener\"><img decoding=\"async\" loading=\"lazy\" class=\"wp-image-3905 aligncenter\" src=\"https:\/\/ies813pabloluppi-chu.infd.edu.ar\/sitio\/wp-content\/uploads\/2020\/03\/bot\u00f3n-area-tic.jpg\" alt=\"\" width=\"133\" height=\"132\" srcset=\"https:\/\/ies813pabloluppi-chu.infd.edu.ar\/sitio\/wp-content\/uploads\/2020\/03\/bot\u00f3n-area-tic.jpg 690w, https:\/\/ies813pabloluppi-chu.infd.edu.ar\/sitio\/wp-content\/uploads\/2020\/03\/bot\u00f3n-area-tic-500x500.jpg 500w\" sizes=\"(max-width: 133px) 100vw, 133px\" \/><\/a><\/h5>\n<div class=\"slideshow-container\" style=\"text-align: center;\">\n<div class=\"mySlides fade\"><a href=\"https:\/\/ies813pabloluppi-chu.infd.edu.ar\/sitio\/wp-content\/uploads\/2025\/07\/Calendario-Academico-2\u00b0-Cuatri.-2025.pdf\" target=\"_blank\" rel=\"noopener\"><img decoding=\"async\" loading=\"lazy\" class=\"wp-image-4204 alignleft\" src=\"https:\/\/ies813pabloluppi-chu.infd.edu.ar\/sitio\/wp-content\/uploads\/2020\/11\/Calendario-acad\u00e9mico-web.jpg\" alt=\"\" width=\"235\" height=\"115\" srcset=\"https:\/\/ies813pabloluppi-chu.infd.edu.ar\/sitio\/wp-content\/uploads\/2020\/11\/Calendario-acad\u00e9mico-web.jpg 960w, https:\/\/ies813pabloluppi-chu.infd.edu.ar\/sitio\/wp-content\/uploads\/2020\/11\/Calendario-acad\u00e9mico-web-768x376.jpg 768w\" sizes=\"(max-width: 235px) 100vw, 235px\" \/><\/a><a href=\"https:\/\/ies813pabloluppi-chu.infd.edu.ar\/sitio\/normativa-jurisdiccional\/\" target=\"_blank\" rel=\"noopener\"><img decoding=\"async\" loading=\"lazy\" class=\"alignright\" src=\"https:\/\/ies813pabloluppi-chu.infd.edu.ar\/sitio\/wp-content\/uploads\/2019\/04\/2LEYES-Y-REGLA.png\" width=\"131\" height=\"133\" \/><\/a><\/div>\n<div class=\"mySlides fade\" style=\"text-align: center;\"><a href=\"https:\/\/ies813pabloluppi-chu.infd.edu.ar\/sitio\/disenos-curriculares-de-formacion-docente\/\" target=\"_blank\" rel=\"noopener\"><img decoding=\"async\" loading=\"lazy\" class=\"alignnone wp-image-4206\" src=\"https:\/\/ies813pabloluppi-chu.infd.edu.ar\/sitio\/wp-content\/uploads\/2020\/11\/dise\u00f1os-curriculares.png\" alt=\"\" width=\"256\" height=\"116\" \/><\/a><\/div>\n<\/div>\n<h1 style=\"text-align: center;\">\u00a0<\/h1>\n","protected":false},"excerpt":{"rendered":"<p>\u00a0 Querida comunidad educativa les damos la \u00a0bienvenida a este nuevo ciclo lectivo que nos encuentra en el camino de la formaci\u00f3n docente y t\u00e9cnica. Abrazamos con mucha alegr\u00eda a quienes est\u00e1n iniciando este recorrido por la Educaci\u00f3n Superior P\u00fablica, Gratuita, Laica e Inclusiva. \u00a0 &nbsp; \u00a0<\/p>\n","protected":false},"author":1931,"featured_media":2770,"parent":0,"menu_order":0,"comment_status":"closed","ping_status":"closed","template":"","meta":[],"acf":[],"_links":{"self":[{"href":"https:\/\/ies813pabloluppi-chu.infd.edu.ar\/sitio\/wp-json\/wp\/v2\/pages\/286"}],"collection":[{"href":"https:\/\/ies813pabloluppi-chu.infd.edu.ar\/sitio\/wp-json\/wp\/v2\/pages"}],"about":[{"href":"https:\/\/ies813pabloluppi-chu.infd.edu.ar\/sitio\/wp-json\/wp\/v2\/types\/page"}],"author":[{"embeddable":true,"href":"https:\/\/ies813pabloluppi-chu.infd.edu.ar\/sitio\/wp-json\/wp\/v2\/users\/1931"}],"replies":[{"embeddable":true,"href":"https:\/\/ies813pabloluppi-chu.infd.edu.ar\/sitio\/wp-json\/wp\/v2\/comments?post=286"}],"version-history":[{"count":1191,"href":"https:\/\/ies813pabloluppi-chu.infd.edu.ar\/sitio\/wp-json\/wp\/v2\/pages\/286\/revisions"}],"predecessor-version":[{"id":7089,"href":"https:\/\/ies813pabloluppi-chu.infd.edu.ar\/sitio\/wp-json\/wp\/v2\/pages\/286\/revisions\/7089"}],"wp:featuredmedia":[{"embeddable":true,"href":"https:\/\/ies813pabloluppi-chu.infd.edu.ar\/sitio\/wp-json\/wp\/v2\/media\/2770"}],"wp:attachment":[{"href":"https:\/\/ies813pabloluppi-chu.infd.edu.ar\/sitio\/wp-json\/wp\/v2\/media?parent=286"}],"curies":[{"name":"wp","href":"https:\/\/api.w.org\/{rel}","templated":true}]}}