{"id":3084,"date":"2019-04-16T13:26:12","date_gmt":"2019-04-16T16:26:12","guid":{"rendered":"https:\/\/ies813pabloluppi-chu.infd.edu.ar\/sitio\/?page_id=3084"},"modified":"2026-04-16T23:35:35","modified_gmt":"2026-04-17T02:35:35","slug":"llamados-a-concurso","status":"publish","type":"page","link":"https:\/\/ies813pabloluppi-chu.infd.edu.ar\/sitio\/llamados-a-concurso\/","title":{"rendered":"Llamados a concurso"},"content":{"rendered":"<ul style=\"text-transform:none;\" class=\"wp-block-latest-posts__list wp-block-latest-posts\"><li><a class=\"wp-block-latest-posts__post-title\" href=\"https:\/\/ies813pabloluppi-chu.infd.edu.ar\/sitio\/llamado-a-concurso-para-la-cobertura-de-la-siguiente-unidad-curricular-correspondiente-a-la-certificacion-docente-complementaria-en-ensenanza-de-lengua-extranjera-ingles-4to\/\">Llamado a concurso para la cobertura de\u00a0la siguiente\u00a0unidad curricular correspondiente a la Certificaci\u00f3n Docente Complementaria en Ense\u00f1anza de Lengua Extranjera Ingl\u00e9s \u2013\u00a04to\u00a0llamado<\/a><div class=\"wp-block-latest-posts__post-excerpt\">Unidad Curricular Docentes y situaci\u00f3n de revista Cantidad de horas Formato-Anual o Cuatrimestral M\u00f3dulo VEducaci\u00f3n Digital Prof. de Ingl\u00e9s preferentemente, &#8230; <a title=\"Llamado a concurso para la cobertura de\u00a0la siguiente\u00a0unidad curricular correspondiente a la Certificaci\u00f3n Docente Complementaria en Ense\u00f1anza de Lengua Extranjera Ingl\u00e9s \u2013\u00a04to\u00a0llamado\" class=\"read-more\" href=\"https:\/\/ies813pabloluppi-chu.infd.edu.ar\/sitio\/llamado-a-concurso-para-la-cobertura-de-la-siguiente-unidad-curricular-correspondiente-a-la-certificacion-docente-complementaria-en-ensenanza-de-lengua-extranjera-ingles-4to\/\" aria-label=\"More on Llamado a concurso para la cobertura de\u00a0la siguiente\u00a0unidad curricular correspondiente a la Certificaci\u00f3n Docente Complementaria en Ense\u00f1anza de Lengua Extranjera Ingl\u00e9s \u2013\u00a04to\u00a0llamado\">[+]<\/a><\/div><\/li>\n<li><a class=\"wp-block-latest-posts__post-title\" href=\"https:\/\/ies813pabloluppi-chu.infd.edu.ar\/sitio\/lago-puelo-08-de-mayo-de-2026-2\/\">Lago Puelo, 08\u00a0de\u00a0mayo\u00a0de 2026<\/a><div class=\"wp-block-latest-posts__post-excerpt\">El Instituto de Educaci\u00f3n Superior Nro 813 \u201cProf. Pablo Luppi\u201d hace el\u00a02\u00b0\u00a0llamado\u00a0interno para la presentaci\u00f3n de proyecto para cubrir el &#8230; <a title=\"Lago Puelo, 08\u00a0de\u00a0mayo\u00a0de 2026\" class=\"read-more\" href=\"https:\/\/ies813pabloluppi-chu.infd.edu.ar\/sitio\/lago-puelo-08-de-mayo-de-2026-2\/\" aria-label=\"More on Lago Puelo, 08\u00a0de\u00a0mayo\u00a0de 2026\">[+]<\/a><\/div><\/li>\n<li><a class=\"wp-block-latest-posts__post-title\" href=\"https:\/\/ies813pabloluppi-chu.infd.edu.ar\/sitio\/lago-puelo-07-de-mayo-de-2026\/\">Lago Puelo, 07 de mayo de 2026<\/a><div class=\"wp-block-latest-posts__post-excerpt\">Llamado a concurso 2026 El Instituto de Educaci\u00f3n Superior Nro. 813 \u201cProf. Pablo Luppi\u201d llama a concurso para los siguientes &#8230; <a title=\"Lago Puelo, 07 de mayo de 2026\" class=\"read-more\" href=\"https:\/\/ies813pabloluppi-chu.infd.edu.ar\/sitio\/lago-puelo-07-de-mayo-de-2026\/\" aria-label=\"More on Lago Puelo, 07 de mayo de 2026\">[+]<\/a><\/div><\/li>\n<li><a class=\"wp-block-latest-posts__post-title\" href=\"https:\/\/ies813pabloluppi-chu.infd.edu.ar\/sitio\/lago-puelo-06-de-mayo-de-2026\/\">Lago Puelo, 06\u00a0de mayo de 2026<\/a><div class=\"wp-block-latest-posts__post-excerpt\">Llamado a concurso para la cobertura de&nbsp;la siguiente&nbsp;unidad curricular correspondiente a la Certificaci\u00f3n Docente Complementaria en Ense\u00f1anza de Lengua Extranjera &#8230; <a title=\"Lago Puelo, 06\u00a0de mayo de 2026\" class=\"read-more\" href=\"https:\/\/ies813pabloluppi-chu.infd.edu.ar\/sitio\/lago-puelo-06-de-mayo-de-2026\/\" aria-label=\"More on Lago Puelo, 06\u00a0de mayo de 2026\">[+]<\/a><\/div><\/li>\n<li><a class=\"wp-block-latest-posts__post-title\" href=\"https:\/\/ies813pabloluppi-chu.infd.edu.ar\/sitio\/lago-puelo-04-de-mayo-de-2026el-instituto-de-educacion-superior-nro-813-prof-pablo-luppi-llama-a-concurso-para-cubrirun-cargo-de-bedel-a-suplente-para\/\">Lago Puelo, 04 de mayo de 2026<\/a><div class=\"wp-block-latest-posts__post-excerpt\">El Instituto de Educaci\u00f3n Superior Nro. 813 \u201cProf. Pablo Luppi\u00bb Llama a\u00a0concurso\u00a0para cubrir: Un cargo de\u00a0Bedel\/a\u00a0\u2013suplente- para el aula extendida &#8230; <a title=\"Lago Puelo, 04 de mayo de 2026\" class=\"read-more\" href=\"https:\/\/ies813pabloluppi-chu.infd.edu.ar\/sitio\/lago-puelo-04-de-mayo-de-2026el-instituto-de-educacion-superior-nro-813-prof-pablo-luppi-llama-a-concurso-para-cubrirun-cargo-de-bedel-a-suplente-para\/\" aria-label=\"More on Lago Puelo, 04 de mayo de 2026\">[+]<\/a><\/div><\/li>\n<\/ul>\n\n\n<figure class=\"wp-block-image size-full\"><a href=\"https:\/\/ies813pabloluppi-chu.infd.edu.ar\/sitio\/wp-content\/uploads\/2026\/03\/Bases-de-concursos-actualizada.pdf\"><img decoding=\"async\" loading=\"lazy\" width=\"294\" height=\"65\" src=\"https:\/\/ies813pabloluppi-chu.infd.edu.ar\/sitio\/wp-content\/uploads\/2019\/06\/button_bases-para-concursos.png\" alt=\"\" class=\"wp-image-3598\"\/><\/a><\/figure>\n\n\n\n<figure class=\"wp-block-image size-full\"><a href=\"https:\/\/ies813pabloluppi-chu.infd.edu.ar\/sitio\/wp-content\/uploads\/2026\/03\/Planilla-de-evaluacion-2026.docx.pdf\"><img decoding=\"async\" loading=\"lazy\" width=\"422\" height=\"65\" src=\"https:\/\/ies813pabloluppi-chu.infd.edu.ar\/sitio\/wp-content\/uploads\/2019\/06\/button_planilla-evaluacion-de-proyectos.png\" alt=\"\" class=\"wp-image-3601\"\/><\/a><\/figure>\n\n\n\n<figure class=\"wp-block-image size-full\"><a href=\"https:\/\/ies813pabloluppi-chu.infd.edu.ar\/sitio\/disenos-curriculares-de-formacion-docente\/\"><img decoding=\"async\" loading=\"lazy\" width=\"279\" height=\"65\" src=\"https:\/\/ies813pabloluppi-chu.infd.edu.ar\/sitio\/wp-content\/uploads\/2019\/06\/button_disenos-curriculares.png\" alt=\"\" class=\"wp-image-3604\"\/><\/a><\/figure>\n\n\n\n<div class=\"wp-block-buttons is-layout-flex\">\n<div class=\"wp-block-button is-style-fill\"><a class=\"wp-block-button__link has-base-2-color has-midnight-gradient-background has-text-color has-background wp-element-button\" href=\"https:\/\/ies813pabloluppi-chu.infd.edu.ar\/sitio\/wp-content\/uploads\/2026\/03\/BASES-UDI-I_CFG_4to-ano-2026.pdf\" target=\"_blank\" rel=\"noreferrer noopener\"><strong>Bases UDI Matem\u00e1tica<\/strong><\/a><\/div>\n<\/div>\n\n\n\n<figure class=\"wp-block-image size-large is-resized\"><a href=\"https:\/\/ies813pabloluppi-chu.infd.edu.ar\/sitio\/normativa-jurisdiccional\/\"><img decoding=\"async\" loading=\"lazy\" src=\"https:\/\/ies813pabloluppi-chu.infd.edu.ar\/sitio\/wp-content\/uploads\/2026\/03\/logo-reglamento-1.png\" alt=\"\" width=\"196\" height=\"71\"\/><\/a><\/figure>\n","protected":false},"excerpt":{"rendered":"","protected":false},"author":935,"featured_media":0,"parent":0,"menu_order":0,"comment_status":"closed","ping_status":"closed","template":"","meta":[],"acf":[],"_links":{"self":[{"href":"https:\/\/ies813pabloluppi-chu.infd.edu.ar\/sitio\/wp-json\/wp\/v2\/pages\/3084"}],"collection":[{"href":"https:\/\/ies813pabloluppi-chu.infd.edu.ar\/sitio\/wp-json\/wp\/v2\/pages"}],"about":[{"href":"https:\/\/ies813pabloluppi-chu.infd.edu.ar\/sitio\/wp-json\/wp\/v2\/types\/page"}],"author":[{"embeddable":true,"href":"https:\/\/ies813pabloluppi-chu.infd.edu.ar\/sitio\/wp-json\/wp\/v2\/users\/935"}],"replies":[{"embeddable":true,"href":"https:\/\/ies813pabloluppi-chu.infd.edu.ar\/sitio\/wp-json\/wp\/v2\/comments?post=3084"}],"version-history":[{"count":120,"href":"https:\/\/ies813pabloluppi-chu.infd.edu.ar\/sitio\/wp-json\/wp\/v2\/pages\/3084\/revisions"}],"predecessor-version":[{"id":7145,"href":"https:\/\/ies813pabloluppi-chu.infd.edu.ar\/sitio\/wp-json\/wp\/v2\/pages\/3084\/revisions\/7145"}],"wp:attachment":[{"href":"https:\/\/ies813pabloluppi-chu.infd.edu.ar\/sitio\/wp-json\/wp\/v2\/media?parent=3084"}],"curies":[{"name":"wp","href":"https:\/\/api.w.org\/{rel}","templated":true}]}}