{"id":4318,"date":"2021-04-06T17:42:51","date_gmt":"2021-04-06T20:42:51","guid":{"rendered":"https:\/\/ies813pabloluppi-chu.infd.edu.ar\/sitio\/?page_id=4318"},"modified":"2023-12-18T20:23:26","modified_gmt":"2023-12-18T23:23:26","slug":"trayecto-introductorio","status":"publish","type":"page","link":"https:\/\/ies813pabloluppi-chu.infd.edu.ar\/sitio\/trayecto-introductorio\/","title":{"rendered":"TRAYECTO INTRODUCTORIO"},"content":{"rendered":"<p>Desde la Coordinaci\u00f3n Institucional de Pol\u00edticas Estudiantiles del IES813 \u00abProf. Pablo Luppi\u00bb, te damos la bienvenida y deseamos un buen inicio en tu recorrido por estas aulas.<\/p>\n<p>En nuestra tarea de acompa\u00f1arte como estudiante, te compartimos en este espacio virtual, algunos puntos de inter\u00e9s que te van a permitir acercarte a lo que implica estudiar en un Instituto de Nivel Superior.<\/p>\n<h2><strong>\u00bfQu\u00e9 es ser estudiante del Nivel Superior?<\/strong><\/h2>\n<p>Los diferentes niveles de ense\u00f1anza son el Nivel Inicial (obligatorio desde sala de 5), luego el Nivel Primario (obligatorio), despu\u00e9s el Secundario (obligatorio tambi\u00e9n), y ahora est\u00e1s ingresando en el Nivel Superior.<\/p>\n<p>Pueden acceder a la Educaci\u00f3n Superior quienes hayan completado los estudios del nivel secundario y quienes aprueben el examen para mayores de 25 a\u00f1os de edad, establecido en el art\u00edculo 7\u00ba de la Ley Nacional de Educaci\u00f3n Superior N\u00ba 24.521.<\/p>\n<p>\u00c9ste es un nivel que No es obligatorio. Es un espacio en que sos estudiante por elecci\u00f3n. Esta decisi\u00f3n te trajo al Instituto de Educaci\u00f3n Superior n\u00b0813 que tiene sus reglamentos particulares, elaborados participativamente, y enmarcados en los criterios provinciales y nacionales.<\/p>\n<p>Como estudiante del nivel, pod\u00e9s solicitar Becas de los sistemas p\u00fablicos Nacional y Provincial. Toda la informaci\u00f3n al respecto la pod\u00e9s encontrar en la secci\u00f3n de <a href=\"https:\/\/ies813pabloluppi-chu.infd.edu.ar\/sitio\/becas\/\">Becas<\/a> de nuestro sitio.<\/p>\n<h2>ROM, RAM, ROI, RAI \u00bfde qu\u00e9 estamos hablando?<\/h2>\n<p>Son las siglas de los Reglamentos y Reg\u00edmenes normativos que nos regulan y que pod\u00e9s encontrar completos en el siguiente Link:<\/p>\n<p><a href=\"https:\/\/ies813pabloluppi-chu.infd.edu.ar\/sitio\/normativa-jurisdiccional\/\">https:\/\/ies813pabloluppi-chu.infd.edu.ar\/sitio\/normativa-jurisdiccional\/<\/a><\/p>\n<p><a href=\"https:\/\/ies813pabloluppi-chu.infd.edu.ar\/sitio\/normativa-jurisdiccional\/\">ROM<\/a> (Reglamento Org\u00e1nico Marco) es la propuesta nacional &#8211; provincial sobre la organizaci\u00f3n institucional y otorga el contexto para la elaboraci\u00f3n del ROI (Reglamento Org\u00e1nico Institucional).<\/p>\n<p><a href=\"https:\/\/ies813pabloluppi-chu.infd.edu.ar\/sitio\/normativa-jurisdiccional\/\">RAM<\/a> (R\u00e9gimen Acad\u00e9mico Marco) es el encuadre normativo que regula de manera general los requisitos y condiciones para el ingreso, tr\u00e1nsito, permanencia, promoci\u00f3n y obtenci\u00f3n del t\u00edtulo de estudiantes. Los Institutos de Educaci\u00f3n Superior deben tomarlo como marco para la elaboraci\u00f3n de los Reg\u00edmenes Acad\u00e9micos Institucionales (RAI), que es el documento particular, creado por la comunidad educativa del IES 813. Por supuesto, con participaci\u00f3n estudiantil.<\/p>\n<p>Te compartimos a continuaci\u00f3n, una gu\u00eda para encontrar r\u00e1pidamente los asuntos que ata\u00f1en espec\u00edficamente a estudiantes dentro de los documentos marco. Igual te sugerimos que los conozcas completos porque eso va a fortalecer tu autonom\u00eda y participaci\u00f3n en el Instituto.<\/p>\n<h4>Gu\u00eda de lectura r\u00e1pida del ROM para estudiantes<\/h4>\n<p><strong>Art\u00edculo 29<\/strong>: Integrantes del consejo Institucional<br \/>\n<strong>Art\u00edculo 39<\/strong>: Oficina de estudiantes<br \/>\n<strong>Art\u00edculo 40<\/strong>: Funciones del coordinador de pol\u00edticas estudiantiles (Art. 42 a 44: requisitos, duraci\u00f3n y vacancia)<br \/>\n<strong>Art\u00edculo 83<\/strong>: Estudiantes y Graduados<br \/>\n<strong>Art\u00edculo 84<\/strong>: Derechos de los estudiantes<br \/>\n<strong>Art\u00edculo 85<\/strong>: Deberes de los estudiantes<br \/>\nArt\u00edculos referidos a instancias de <strong>participaci\u00f3n estudiantil.<\/strong><\/p>\n<h4>Gu\u00eda de lectura r\u00e1pida del RAM para estudiantes<\/h4>\n<p><strong>Cap\u00edtulo I<\/strong> : Inscripci\u00f3n e ingreso (requisitos. Trayecto introductorio)<br \/>\n<strong>Cap\u00edtulo II<\/strong> : Permanencia (condiciones para ser estudiante regular . Art. 20: estudiante condicional)<br \/>\n<strong>Cap\u00edtulo III<\/strong>: Asistencia (porcentaje. Excepciones)<br \/>\n<strong>Cap\u00edtulo IV<\/strong>: Evaluaci\u00f3n y Promoci\u00f3n<br \/>\n<strong>Cap\u00edtulo V<\/strong>: Pases y equivalencias<br \/>\n<strong>Cap\u00edtulo VI<\/strong>: Egreso<\/p>\n<h2>R\u00e9gimen Acad\u00e9mico Institucional<\/h2>\n<p>Te acercamos tambi\u00e9n un resumen de algunos aspectos relevantes del RAI, e igualmente te sugerimos que tengas y conozcas el documento completo que lo pod\u00e9s descargar en \u00e9ste <a href=\"https:\/\/ies813pabloluppi-chu.infd.edu.ar\/sitio\/wp-content\/uploads\/2019\/04\/RAI-ISFD-813-2019.pdf\">Link<\/a><\/p>\n<p><span style=\"font-weight: 400;\">Conocer estos documentos fortalece la participaci\u00f3n estudiantil. Pero adem\u00e1s, <strong>es muy importante que cada curso pueda definir delegadxs<\/strong> que lleven los mandatos del grupo a los distintos espacios de participaci\u00f3n institucional y que garanticen la fluida comunicaci\u00f3n entre estudiantes y los distintos estamentos de la comunidad educativa.\u00a0<\/span><\/p>\n<p><span style=\"font-weight: 400;\">La din\u00e1mica para la elecci\u00f3n de <strong>delegadxs<\/strong> la debe construir el estudiantado, as\u00ed como sus maneras de organizaci\u00f3n y representaci\u00f3n, desde cada curso hasta el Centro de Estudiantes. Los CIPEs, estamos para asistir en lo que sea necesario en dicho proceso.<\/span><\/p>\n<p><img decoding=\"async\" loading=\"lazy\" class=\"alignnone size-medium wp-image-4337\" src=\"https:\/\/ies813pabloluppi-chu.infd.edu.ar\/sitio\/wp-content\/uploads\/2021\/04\/WhatsApp-Image-2021-04-06-at-5.05.17-PM-1000x753.jpeg\" alt=\"\" width=\"1000\" height=\"753\" srcset=\"https:\/\/ies813pabloluppi-chu.infd.edu.ar\/sitio\/wp-content\/uploads\/2021\/04\/WhatsApp-Image-2021-04-06-at-5.05.17-PM-1000x753.jpeg 1000w, https:\/\/ies813pabloluppi-chu.infd.edu.ar\/sitio\/wp-content\/uploads\/2021\/04\/WhatsApp-Image-2021-04-06-at-5.05.17-PM-768x578.jpeg 768w, https:\/\/ies813pabloluppi-chu.infd.edu.ar\/sitio\/wp-content\/uploads\/2021\/04\/WhatsApp-Image-2021-04-06-at-5.05.17-PM.jpeg 1280w\" sizes=\"(max-width: 1000px) 100vw, 1000px\" \/><\/p>\n<p><img decoding=\"async\" loading=\"lazy\" class=\"alignnone size-medium wp-image-4336\" src=\"https:\/\/ies813pabloluppi-chu.infd.edu.ar\/sitio\/wp-content\/uploads\/2021\/04\/WhatsApp-Image-2021-04-06-at-5.05.41-PM-1000x754.jpeg\" alt=\"\" width=\"1000\" height=\"754\" srcset=\"https:\/\/ies813pabloluppi-chu.infd.edu.ar\/sitio\/wp-content\/uploads\/2021\/04\/WhatsApp-Image-2021-04-06-at-5.05.41-PM-1000x754.jpeg 1000w, https:\/\/ies813pabloluppi-chu.infd.edu.ar\/sitio\/wp-content\/uploads\/2021\/04\/WhatsApp-Image-2021-04-06-at-5.05.41-PM-768x579.jpeg 768w, https:\/\/ies813pabloluppi-chu.infd.edu.ar\/sitio\/wp-content\/uploads\/2021\/04\/WhatsApp-Image-2021-04-06-at-5.05.41-PM.jpeg 1280w\" sizes=\"(max-width: 1000px) 100vw, 1000px\" \/><\/p>\n<p><img decoding=\"async\" loading=\"lazy\" class=\"alignnone size-medium wp-image-4335\" src=\"https:\/\/ies813pabloluppi-chu.infd.edu.ar\/sitio\/wp-content\/uploads\/2021\/04\/WhatsApp-Image-2021-04-06-at-5.06.02-PM-1000x755.jpeg\" alt=\"\" width=\"1000\" height=\"755\" srcset=\"https:\/\/ies813pabloluppi-chu.infd.edu.ar\/sitio\/wp-content\/uploads\/2021\/04\/WhatsApp-Image-2021-04-06-at-5.06.02-PM-1000x755.jpeg 1000w, https:\/\/ies813pabloluppi-chu.infd.edu.ar\/sitio\/wp-content\/uploads\/2021\/04\/WhatsApp-Image-2021-04-06-at-5.06.02-PM-768x580.jpeg 768w, https:\/\/ies813pabloluppi-chu.infd.edu.ar\/sitio\/wp-content\/uploads\/2021\/04\/WhatsApp-Image-2021-04-06-at-5.06.02-PM.jpeg 1280w\" sizes=\"(max-width: 1000px) 100vw, 1000px\" \/><\/p>\n<p><img decoding=\"async\" loading=\"lazy\" class=\"alignnone size-medium wp-image-4334\" src=\"https:\/\/ies813pabloluppi-chu.infd.edu.ar\/sitio\/wp-content\/uploads\/2021\/04\/WhatsApp-Image-2021-04-06-at-5.06.33-PM-1000x737.jpeg\" alt=\"\" width=\"1000\" height=\"737\" srcset=\"https:\/\/ies813pabloluppi-chu.infd.edu.ar\/sitio\/wp-content\/uploads\/2021\/04\/WhatsApp-Image-2021-04-06-at-5.06.33-PM-1000x737.jpeg 1000w, https:\/\/ies813pabloluppi-chu.infd.edu.ar\/sitio\/wp-content\/uploads\/2021\/04\/WhatsApp-Image-2021-04-06-at-5.06.33-PM-768x566.jpeg 768w, https:\/\/ies813pabloluppi-chu.infd.edu.ar\/sitio\/wp-content\/uploads\/2021\/04\/WhatsApp-Image-2021-04-06-at-5.06.33-PM.jpeg 1280w\" sizes=\"(max-width: 1000px) 100vw, 1000px\" \/><\/p>\n<p><img decoding=\"async\" loading=\"lazy\" class=\"alignnone size-medium wp-image-4333\" src=\"https:\/\/ies813pabloluppi-chu.infd.edu.ar\/sitio\/wp-content\/uploads\/2021\/04\/WhatsApp-Image-2021-04-06-at-5.06.52-PM-1000x752.jpeg\" alt=\"\" width=\"1000\" height=\"752\" srcset=\"https:\/\/ies813pabloluppi-chu.infd.edu.ar\/sitio\/wp-content\/uploads\/2021\/04\/WhatsApp-Image-2021-04-06-at-5.06.52-PM-1000x752.jpeg 1000w, https:\/\/ies813pabloluppi-chu.infd.edu.ar\/sitio\/wp-content\/uploads\/2021\/04\/WhatsApp-Image-2021-04-06-at-5.06.52-PM-768x577.jpeg 768w, https:\/\/ies813pabloluppi-chu.infd.edu.ar\/sitio\/wp-content\/uploads\/2021\/04\/WhatsApp-Image-2021-04-06-at-5.06.52-PM.jpeg 1280w\" sizes=\"(max-width: 1000px) 100vw, 1000px\" \/><\/p>\n<p><img decoding=\"async\" loading=\"lazy\" class=\"alignnone size-medium wp-image-4332\" src=\"https:\/\/ies813pabloluppi-chu.infd.edu.ar\/sitio\/wp-content\/uploads\/2021\/04\/WhatsApp-Image-2021-04-06-at-5.07.36-PM-1000x750.jpeg\" alt=\"\" width=\"1000\" height=\"750\" srcset=\"https:\/\/ies813pabloluppi-chu.infd.edu.ar\/sitio\/wp-content\/uploads\/2021\/04\/WhatsApp-Image-2021-04-06-at-5.07.36-PM-1000x750.jpeg 1000w, https:\/\/ies813pabloluppi-chu.infd.edu.ar\/sitio\/wp-content\/uploads\/2021\/04\/WhatsApp-Image-2021-04-06-at-5.07.36-PM-768x576.jpeg 768w, https:\/\/ies813pabloluppi-chu.infd.edu.ar\/sitio\/wp-content\/uploads\/2021\/04\/WhatsApp-Image-2021-04-06-at-5.07.36-PM.jpeg 1280w\" sizes=\"(max-width: 1000px) 100vw, 1000px\" \/><\/p>\n<p><img decoding=\"async\" loading=\"lazy\" class=\"alignnone size-medium wp-image-4331\" src=\"https:\/\/ies813pabloluppi-chu.infd.edu.ar\/sitio\/wp-content\/uploads\/2021\/04\/WhatsApp-Image-2021-04-06-at-5.07.53-PM-1000x755.jpeg\" alt=\"\" width=\"1000\" height=\"755\" srcset=\"https:\/\/ies813pabloluppi-chu.infd.edu.ar\/sitio\/wp-content\/uploads\/2021\/04\/WhatsApp-Image-2021-04-06-at-5.07.53-PM-1000x755.jpeg 1000w, https:\/\/ies813pabloluppi-chu.infd.edu.ar\/sitio\/wp-content\/uploads\/2021\/04\/WhatsApp-Image-2021-04-06-at-5.07.53-PM-768x580.jpeg 768w, https:\/\/ies813pabloluppi-chu.infd.edu.ar\/sitio\/wp-content\/uploads\/2021\/04\/WhatsApp-Image-2021-04-06-at-5.07.53-PM.jpeg 1280w\" sizes=\"(max-width: 1000px) 100vw, 1000px\" \/><\/p>\n<p><img decoding=\"async\" loading=\"lazy\" class=\"alignnone size-medium wp-image-4330\" src=\"https:\/\/ies813pabloluppi-chu.infd.edu.ar\/sitio\/wp-content\/uploads\/2021\/04\/WhatsApp-Image-2021-04-06-at-5.08.20-PM-1000x734.jpeg\" alt=\"\" width=\"1000\" height=\"734\" srcset=\"https:\/\/ies813pabloluppi-chu.infd.edu.ar\/sitio\/wp-content\/uploads\/2021\/04\/WhatsApp-Image-2021-04-06-at-5.08.20-PM-1000x734.jpeg 1000w, https:\/\/ies813pabloluppi-chu.infd.edu.ar\/sitio\/wp-content\/uploads\/2021\/04\/WhatsApp-Image-2021-04-06-at-5.08.20-PM-768x564.jpeg 768w, https:\/\/ies813pabloluppi-chu.infd.edu.ar\/sitio\/wp-content\/uploads\/2021\/04\/WhatsApp-Image-2021-04-06-at-5.08.20-PM.jpeg 1280w\" sizes=\"(max-width: 1000px) 100vw, 1000px\" \/><\/p>\n<p><img decoding=\"async\" loading=\"lazy\" class=\"alignnone size-medium wp-image-4329\" src=\"https:\/\/ies813pabloluppi-chu.infd.edu.ar\/sitio\/wp-content\/uploads\/2021\/04\/WhatsApp-Image-2021-04-06-at-5.08.56-PM-1000x758.jpeg\" alt=\"\" width=\"1000\" height=\"758\" srcset=\"https:\/\/ies813pabloluppi-chu.infd.edu.ar\/sitio\/wp-content\/uploads\/2021\/04\/WhatsApp-Image-2021-04-06-at-5.08.56-PM-1000x758.jpeg 1000w, https:\/\/ies813pabloluppi-chu.infd.edu.ar\/sitio\/wp-content\/uploads\/2021\/04\/WhatsApp-Image-2021-04-06-at-5.08.56-PM-768x582.jpeg 768w, https:\/\/ies813pabloluppi-chu.infd.edu.ar\/sitio\/wp-content\/uploads\/2021\/04\/WhatsApp-Image-2021-04-06-at-5.08.56-PM.jpeg 1280w\" sizes=\"(max-width: 1000px) 100vw, 1000px\" \/><\/p>\n<p><img decoding=\"async\" loading=\"lazy\" class=\"alignnone size-medium wp-image-4328\" src=\"https:\/\/ies813pabloluppi-chu.infd.edu.ar\/sitio\/wp-content\/uploads\/2021\/04\/WhatsApp-Image-2021-04-06-at-5.09.17-PM-1000x745.jpeg\" alt=\"\" width=\"1000\" height=\"745\" srcset=\"https:\/\/ies813pabloluppi-chu.infd.edu.ar\/sitio\/wp-content\/uploads\/2021\/04\/WhatsApp-Image-2021-04-06-at-5.09.17-PM-1000x745.jpeg 1000w, https:\/\/ies813pabloluppi-chu.infd.edu.ar\/sitio\/wp-content\/uploads\/2021\/04\/WhatsApp-Image-2021-04-06-at-5.09.17-PM-768x572.jpeg 768w, https:\/\/ies813pabloluppi-chu.infd.edu.ar\/sitio\/wp-content\/uploads\/2021\/04\/WhatsApp-Image-2021-04-06-at-5.09.17-PM.jpeg 1280w\" sizes=\"(max-width: 1000px) 100vw, 1000px\" \/><\/p>\n<p><img decoding=\"async\" loading=\"lazy\" class=\"alignnone size-medium wp-image-4327\" src=\"https:\/\/ies813pabloluppi-chu.infd.edu.ar\/sitio\/wp-content\/uploads\/2021\/04\/WhatsApp-Image-2021-04-06-at-5.09.36-PM-1000x753.jpeg\" alt=\"\" width=\"1000\" height=\"753\" srcset=\"https:\/\/ies813pabloluppi-chu.infd.edu.ar\/sitio\/wp-content\/uploads\/2021\/04\/WhatsApp-Image-2021-04-06-at-5.09.36-PM-1000x753.jpeg 1000w, https:\/\/ies813pabloluppi-chu.infd.edu.ar\/sitio\/wp-content\/uploads\/2021\/04\/WhatsApp-Image-2021-04-06-at-5.09.36-PM-768x578.jpeg 768w, https:\/\/ies813pabloluppi-chu.infd.edu.ar\/sitio\/wp-content\/uploads\/2021\/04\/WhatsApp-Image-2021-04-06-at-5.09.36-PM.jpeg 1280w\" sizes=\"(max-width: 1000px) 100vw, 1000px\" \/><\/p>\n<p><img decoding=\"async\" loading=\"lazy\" class=\"alignnone size-medium wp-image-4326\" src=\"https:\/\/ies813pabloluppi-chu.infd.edu.ar\/sitio\/wp-content\/uploads\/2021\/04\/WhatsApp-Image-2021-04-06-at-5.09.58-PM-1000x750.jpeg\" alt=\"\" width=\"1000\" height=\"750\" srcset=\"https:\/\/ies813pabloluppi-chu.infd.edu.ar\/sitio\/wp-content\/uploads\/2021\/04\/WhatsApp-Image-2021-04-06-at-5.09.58-PM-1000x750.jpeg 1000w, https:\/\/ies813pabloluppi-chu.infd.edu.ar\/sitio\/wp-content\/uploads\/2021\/04\/WhatsApp-Image-2021-04-06-at-5.09.58-PM-768x576.jpeg 768w, https:\/\/ies813pabloluppi-chu.infd.edu.ar\/sitio\/wp-content\/uploads\/2021\/04\/WhatsApp-Image-2021-04-06-at-5.09.58-PM.jpeg 1280w\" sizes=\"(max-width: 1000px) 100vw, 1000px\" \/><\/p>\n<p><img decoding=\"async\" loading=\"lazy\" class=\"alignnone size-medium wp-image-4325\" src=\"https:\/\/ies813pabloluppi-chu.infd.edu.ar\/sitio\/wp-content\/uploads\/2021\/04\/WhatsApp-Image-2021-04-06-at-5.10.19-PM-1000x738.jpeg\" alt=\"\" width=\"1000\" height=\"738\" srcset=\"https:\/\/ies813pabloluppi-chu.infd.edu.ar\/sitio\/wp-content\/uploads\/2021\/04\/WhatsApp-Image-2021-04-06-at-5.10.19-PM-1000x738.jpeg 1000w, https:\/\/ies813pabloluppi-chu.infd.edu.ar\/sitio\/wp-content\/uploads\/2021\/04\/WhatsApp-Image-2021-04-06-at-5.10.19-PM-768x566.jpeg 768w, https:\/\/ies813pabloluppi-chu.infd.edu.ar\/sitio\/wp-content\/uploads\/2021\/04\/WhatsApp-Image-2021-04-06-at-5.10.19-PM.jpeg 1280w\" sizes=\"(max-width: 1000px) 100vw, 1000px\" \/><\/p>\n<p><img decoding=\"async\" loading=\"lazy\" class=\"alignnone size-medium wp-image-4324\" src=\"https:\/\/ies813pabloluppi-chu.infd.edu.ar\/sitio\/wp-content\/uploads\/2021\/04\/WhatsApp-Image-2021-04-06-at-5.10.36-PM-1000x751.jpeg\" alt=\"\" width=\"1000\" height=\"751\" srcset=\"https:\/\/ies813pabloluppi-chu.infd.edu.ar\/sitio\/wp-content\/uploads\/2021\/04\/WhatsApp-Image-2021-04-06-at-5.10.36-PM-1000x751.jpeg 1000w, https:\/\/ies813pabloluppi-chu.infd.edu.ar\/sitio\/wp-content\/uploads\/2021\/04\/WhatsApp-Image-2021-04-06-at-5.10.36-PM-768x577.jpeg 768w, https:\/\/ies813pabloluppi-chu.infd.edu.ar\/sitio\/wp-content\/uploads\/2021\/04\/WhatsApp-Image-2021-04-06-at-5.10.36-PM.jpeg 1280w\" sizes=\"(max-width: 1000px) 100vw, 1000px\" \/><\/p>\n<p><img decoding=\"async\" loading=\"lazy\" class=\"alignnone size-medium wp-image-4323\" src=\"https:\/\/ies813pabloluppi-chu.infd.edu.ar\/sitio\/wp-content\/uploads\/2021\/04\/WhatsApp-Image-2021-04-06-at-5.10.55-PM-1000x754.jpeg\" alt=\"\" width=\"1000\" height=\"754\" srcset=\"https:\/\/ies813pabloluppi-chu.infd.edu.ar\/sitio\/wp-content\/uploads\/2021\/04\/WhatsApp-Image-2021-04-06-at-5.10.55-PM-1000x754.jpeg 1000w, https:\/\/ies813pabloluppi-chu.infd.edu.ar\/sitio\/wp-content\/uploads\/2021\/04\/WhatsApp-Image-2021-04-06-at-5.10.55-PM-768x579.jpeg 768w, https:\/\/ies813pabloluppi-chu.infd.edu.ar\/sitio\/wp-content\/uploads\/2021\/04\/WhatsApp-Image-2021-04-06-at-5.10.55-PM.jpeg 1280w\" sizes=\"(max-width: 1000px) 100vw, 1000px\" \/><\/p>\n<h2><\/h2>\n<h2>Contactos de CIPE del IES813<\/h2>\n<p>politicasestudiantiles@isfd813lagopuelo.edu.ar<\/p>\n","protected":false},"excerpt":{"rendered":"<p>Desde la Coordinaci\u00f3n Institucional de Pol\u00edticas Estudiantiles del IES813 \u00abProf. Pablo Luppi\u00bb, te damos la bienvenida y deseamos un buen inicio en tu recorrido por estas aulas. En nuestra tarea de acompa\u00f1arte como estudiante, te compartimos en este espacio virtual, algunos puntos de inter\u00e9s que te van a permitir acercarte a lo que implica estudiar &#8230; <a title=\"TRAYECTO INTRODUCTORIO\" class=\"read-more\" href=\"https:\/\/ies813pabloluppi-chu.infd.edu.ar\/sitio\/trayecto-introductorio\/\" aria-label=\"More on TRAYECTO INTRODUCTORIO\">[+]<\/a><\/p>\n","protected":false},"author":1696,"featured_media":0,"parent":0,"menu_order":0,"comment_status":"closed","ping_status":"closed","template":"","meta":[],"acf":[],"_links":{"self":[{"href":"https:\/\/ies813pabloluppi-chu.infd.edu.ar\/sitio\/wp-json\/wp\/v2\/pages\/4318"}],"collection":[{"href":"https:\/\/ies813pabloluppi-chu.infd.edu.ar\/sitio\/wp-json\/wp\/v2\/pages"}],"about":[{"href":"https:\/\/ies813pabloluppi-chu.infd.edu.ar\/sitio\/wp-json\/wp\/v2\/types\/page"}],"author":[{"embeddable":true,"href":"https:\/\/ies813pabloluppi-chu.infd.edu.ar\/sitio\/wp-json\/wp\/v2\/users\/1696"}],"replies":[{"embeddable":true,"href":"https:\/\/ies813pabloluppi-chu.infd.edu.ar\/sitio\/wp-json\/wp\/v2\/comments?post=4318"}],"version-history":[{"count":9,"href":"https:\/\/ies813pabloluppi-chu.infd.edu.ar\/sitio\/wp-json\/wp\/v2\/pages\/4318\/revisions"}],"predecessor-version":[{"id":6104,"href":"https:\/\/ies813pabloluppi-chu.infd.edu.ar\/sitio\/wp-json\/wp\/v2\/pages\/4318\/revisions\/6104"}],"wp:attachment":[{"href":"https:\/\/ies813pabloluppi-chu.infd.edu.ar\/sitio\/wp-json\/wp\/v2\/media?parent=4318"}],"curies":[{"name":"wp","href":"https:\/\/api.w.org\/{rel}","templated":true}]}}