{"id":4609,"date":"2021-11-08T13:40:17","date_gmt":"2021-11-08T16:40:17","guid":{"rendered":"https:\/\/ies813pabloluppi-chu.infd.edu.ar\/sitio\/?page_id=4609"},"modified":"2021-11-25T13:40:40","modified_gmt":"2021-11-25T16:40:40","slug":"actividades-y-propuestas-del-profesorado-de-biologia","status":"publish","type":"page","link":"https:\/\/ies813pabloluppi-chu.infd.edu.ar\/sitio\/actividades-y-propuestas-del-profesorado-de-biologia\/","title":{"rendered":"Actividades y propuestas del Profesorado de Biolog\u00eda"},"content":{"rendered":"\n<p><\/p>\n\n\n\n<h5 class=\"alignfull has-text-align-center has-white-color has-vivid-cyan-blue-background-color has-text-color has-background wp-block-heading\"><em>El d\u00eda <\/em>23 de noviembre de 2021 se realizo una charla sobre el proyecto de reforestaci\u00f3n del Club Andino de Cholila.<\/h5>\n\n\n\n<div class=\"alignnormal\"><div id=\"metaslider-id-4848\" style=\"max-width: 640px; margin: 0 auto;\" class=\"ml-slider-3-33-0 metaslider metaslider-responsive metaslider-4848 ml-slider ms-theme-default\" role=\"region\" aria-roledescription=\"Slideshow\" aria-label=\"Slideshow\">\n    <div id=\"metaslider_container_4848\">\n        <ul id='metaslider_4848' class='rslides'>\n            <li aria-roledescription='slide' aria-labelledby='slide-0'><img width=\"1280\" height=\"622\" src=\"https:\/\/ies813pabloluppi-chu.infd.edu.ar\/sitio\/wp-content\/uploads\/2021\/11\/WhatsApp-Image-2021-11-24-at-08.34.10.jpeg\" class=\"slider-4848 slide-4853\" alt=\"\" decoding=\"async\" loading=\"lazy\" rel=\"\" title=\"WhatsApp Image 2021-11-24 at 08.34.10\" srcset=\"https:\/\/ies813pabloluppi-chu.infd.edu.ar\/sitio\/wp-content\/uploads\/2021\/11\/WhatsApp-Image-2021-11-24-at-08.34.10.jpeg 1280w, https:\/\/ies813pabloluppi-chu.infd.edu.ar\/sitio\/wp-content\/uploads\/2021\/11\/WhatsApp-Image-2021-11-24-at-08.34.10-1000x486.jpeg 1000w, https:\/\/ies813pabloluppi-chu.infd.edu.ar\/sitio\/wp-content\/uploads\/2021\/11\/WhatsApp-Image-2021-11-24-at-08.34.10-768x373.jpeg 768w\" sizes=\"(max-width: 1280px) 100vw, 1280px\" \/><\/li>\n            <li style='display: none;' aria-roledescription='slide' aria-labelledby='slide-1'><img width=\"1280\" height=\"622\" src=\"https:\/\/ies813pabloluppi-chu.infd.edu.ar\/sitio\/wp-content\/uploads\/2021\/11\/WhatsApp-Image-2021-11-24-at-08.34.16.jpeg\" class=\"slider-4848 slide-4854\" alt=\"\" decoding=\"async\" loading=\"lazy\" rel=\"\" title=\"WhatsApp Image 2021-11-24 at 08.34.16\" srcset=\"https:\/\/ies813pabloluppi-chu.infd.edu.ar\/sitio\/wp-content\/uploads\/2021\/11\/WhatsApp-Image-2021-11-24-at-08.34.16.jpeg 1280w, https:\/\/ies813pabloluppi-chu.infd.edu.ar\/sitio\/wp-content\/uploads\/2021\/11\/WhatsApp-Image-2021-11-24-at-08.34.16-1000x486.jpeg 1000w, https:\/\/ies813pabloluppi-chu.infd.edu.ar\/sitio\/wp-content\/uploads\/2021\/11\/WhatsApp-Image-2021-11-24-at-08.34.16-768x373.jpeg 768w\" sizes=\"(max-width: 1280px) 100vw, 1280px\" \/><\/li>\n            <li style='display: none;' aria-roledescription='slide' aria-labelledby='slide-2'><img width=\"1280\" height=\"622\" src=\"https:\/\/ies813pabloluppi-chu.infd.edu.ar\/sitio\/wp-content\/uploads\/2021\/11\/WhatsApp-Image-2021-11-24-at-08.34.17.jpeg\" class=\"slider-4848 slide-4855\" alt=\"\" decoding=\"async\" loading=\"lazy\" rel=\"\" title=\"WhatsApp Image 2021-11-24 at 08.34.17\" srcset=\"https:\/\/ies813pabloluppi-chu.infd.edu.ar\/sitio\/wp-content\/uploads\/2021\/11\/WhatsApp-Image-2021-11-24-at-08.34.17.jpeg 1280w, https:\/\/ies813pabloluppi-chu.infd.edu.ar\/sitio\/wp-content\/uploads\/2021\/11\/WhatsApp-Image-2021-11-24-at-08.34.17-1000x486.jpeg 1000w, https:\/\/ies813pabloluppi-chu.infd.edu.ar\/sitio\/wp-content\/uploads\/2021\/11\/WhatsApp-Image-2021-11-24-at-08.34.17-768x373.jpeg 768w\" sizes=\"(max-width: 1280px) 100vw, 1280px\" \/><\/li>\n            <li style='display: none;' aria-roledescription='slide' aria-labelledby='slide-3'><img width=\"1280\" height=\"622\" src=\"https:\/\/ies813pabloluppi-chu.infd.edu.ar\/sitio\/wp-content\/uploads\/2021\/11\/WhatsApp-Image-2021-11-24-at-08.34.18.jpeg\" class=\"slider-4848 slide-4856\" alt=\"\" decoding=\"async\" loading=\"lazy\" rel=\"\" title=\"WhatsApp Image 2021-11-24 at 08.34.18\" srcset=\"https:\/\/ies813pabloluppi-chu.infd.edu.ar\/sitio\/wp-content\/uploads\/2021\/11\/WhatsApp-Image-2021-11-24-at-08.34.18.jpeg 1280w, https:\/\/ies813pabloluppi-chu.infd.edu.ar\/sitio\/wp-content\/uploads\/2021\/11\/WhatsApp-Image-2021-11-24-at-08.34.18-1000x486.jpeg 1000w, https:\/\/ies813pabloluppi-chu.infd.edu.ar\/sitio\/wp-content\/uploads\/2021\/11\/WhatsApp-Image-2021-11-24-at-08.34.18-768x373.jpeg 768w\" sizes=\"(max-width: 1280px) 100vw, 1280px\" \/><\/li>\n        <\/ul>\n        \n    <\/div>\n<\/div><\/div>\n\n\n\n<p>Agradecemos enormemente al Sr. Bruno San Martin, presidente del Club Andino de Cholila, por la charla brindada a los estudiantes del 3er a\u00f1o del Profesorado de Biolog\u00eda dentro del espacio curricular de Educaci\u00f3n Ambiental (prof. Fabi\u00e1n Argel). Comparti\u00f3 con nosotros el proyecto de reforestaci\u00f3n que vienen realizando desde el 2015, acompa\u00f1ados por el\u00a0INTA\u00a0y el\u00a0CIEFAP, en la zona de la Reserva Provincial Nacientes del R\u00edo Tigre en Cholila y Parque Nacional Los Alerces<\/p>\n\n\n\n<h5 class=\"alignfull has-text-align-center has-white-color has-vivid-cyan-blue-background-color has-text-color has-background wp-block-heading\"><em>El d\u00eda <\/em>2 de noviembre de 2021 se realizo una charla sobre Hongos<\/h5>\n\n\n\n<div class=\"alignwide\"><div id=\"metaslider-id-4615\" style=\"max-width: 640px; margin: 0 auto;\" class=\"ml-slider-3-33-0 metaslider metaslider-responsive metaslider-4615 ml-slider ms-theme-default\" role=\"region\" aria-roledescription=\"Slideshow\" aria-label=\"Slideshow\">\n    <div id=\"metaslider_container_4615\">\n        <ul id='metaslider_4615' class='rslides'>\n            <li aria-roledescription='slide' aria-labelledby='slide-0'><img width=\"1077\" height=\"508\" src=\"https:\/\/ies813pabloluppi-chu.infd.edu.ar\/sitio\/wp-content\/uploads\/2021\/11\/Screenshot_20211108-122904_WhatsApp.jpg\" class=\"slider-4615 slide-4620\" alt=\"\" decoding=\"async\" loading=\"lazy\" rel=\"\" title=\"Screenshot_20211108-122904_WhatsApp\" srcset=\"https:\/\/ies813pabloluppi-chu.infd.edu.ar\/sitio\/wp-content\/uploads\/2021\/11\/Screenshot_20211108-122904_WhatsApp.jpg 1077w, https:\/\/ies813pabloluppi-chu.infd.edu.ar\/sitio\/wp-content\/uploads\/2021\/11\/Screenshot_20211108-122904_WhatsApp-1000x472.jpg 1000w, https:\/\/ies813pabloluppi-chu.infd.edu.ar\/sitio\/wp-content\/uploads\/2021\/11\/Screenshot_20211108-122904_WhatsApp-768x362.jpg 768w\" sizes=\"(max-width: 1077px) 100vw, 1077px\" \/><\/li>\n            <li style='display: none;' aria-roledescription='slide' aria-labelledby='slide-1'><img width=\"1069\" height=\"519\" src=\"https:\/\/ies813pabloluppi-chu.infd.edu.ar\/sitio\/wp-content\/uploads\/2021\/11\/Screenshot_20211108-122902_WhatsApp.jpg\" class=\"slider-4615 slide-4617\" alt=\"\" decoding=\"async\" loading=\"lazy\" rel=\"\" title=\"Screenshot_20211108-122902_WhatsApp\" srcset=\"https:\/\/ies813pabloluppi-chu.infd.edu.ar\/sitio\/wp-content\/uploads\/2021\/11\/Screenshot_20211108-122902_WhatsApp.jpg 1069w, https:\/\/ies813pabloluppi-chu.infd.edu.ar\/sitio\/wp-content\/uploads\/2021\/11\/Screenshot_20211108-122902_WhatsApp-1000x486.jpg 1000w, https:\/\/ies813pabloluppi-chu.infd.edu.ar\/sitio\/wp-content\/uploads\/2021\/11\/Screenshot_20211108-122902_WhatsApp-768x373.jpg 768w\" sizes=\"(max-width: 1069px) 100vw, 1069px\" \/><\/li>\n            <li style='display: none;' aria-roledescription='slide' aria-labelledby='slide-2'><img width=\"1079\" height=\"523\" src=\"https:\/\/ies813pabloluppi-chu.infd.edu.ar\/sitio\/wp-content\/uploads\/2021\/11\/Screenshot_20211108-122921_WhatsApp.jpg\" class=\"slider-4615 slide-4623\" alt=\"\" decoding=\"async\" loading=\"lazy\" rel=\"\" title=\"Screenshot_20211108-122921_WhatsApp\" srcset=\"https:\/\/ies813pabloluppi-chu.infd.edu.ar\/sitio\/wp-content\/uploads\/2021\/11\/Screenshot_20211108-122921_WhatsApp.jpg 1079w, https:\/\/ies813pabloluppi-chu.infd.edu.ar\/sitio\/wp-content\/uploads\/2021\/11\/Screenshot_20211108-122921_WhatsApp-1000x485.jpg 1000w, https:\/\/ies813pabloluppi-chu.infd.edu.ar\/sitio\/wp-content\/uploads\/2021\/11\/Screenshot_20211108-122921_WhatsApp-768x372.jpg 768w\" sizes=\"(max-width: 1079px) 100vw, 1079px\" \/><\/li>\n            <li style='display: none;' aria-roledescription='slide' aria-labelledby='slide-3'><img width=\"1080\" height=\"526\" src=\"https:\/\/ies813pabloluppi-chu.infd.edu.ar\/sitio\/wp-content\/uploads\/2021\/11\/Screenshot_20211108-122907_WhatsApp.jpg\" class=\"slider-4615 slide-4621\" alt=\"\" decoding=\"async\" loading=\"lazy\" rel=\"\" title=\"Screenshot_20211108-122907_WhatsApp\" srcset=\"https:\/\/ies813pabloluppi-chu.infd.edu.ar\/sitio\/wp-content\/uploads\/2021\/11\/Screenshot_20211108-122907_WhatsApp.jpg 1080w, https:\/\/ies813pabloluppi-chu.infd.edu.ar\/sitio\/wp-content\/uploads\/2021\/11\/Screenshot_20211108-122907_WhatsApp-1000x487.jpg 1000w, https:\/\/ies813pabloluppi-chu.infd.edu.ar\/sitio\/wp-content\/uploads\/2021\/11\/Screenshot_20211108-122907_WhatsApp-768x374.jpg 768w\" sizes=\"(max-width: 1080px) 100vw, 1080px\" \/><\/li>\n        <\/ul>\n        \n    <\/div>\n<\/div><\/div>\n\n\n\n<p>Charla sobre Hongos, dictada por el Dr. Maximiliano Rugolo (Conicet\/Ciefap) especialista en Hongos de Patagonia Argentina y Chilena, en el marco del espacio curricular de Taxonom\u00eda y Sistem\u00e1tica del 4to a\u00f1o del profesorado de Biolog\u00eda (a cargo del profesor Fabian Argel). Se agradece, enormemente, la predisposici\u00f3n y dedicaci\u00f3n de profesionales como el Dr. Rugolo, en el desarrollo formativo de nuestros futuros Profesionales de la educaci\u00f3n en Biolog\u00eda<\/p>\n\n\n\n<p>.<\/p>\n\n\n\n<p><\/p>\n","protected":false},"excerpt":{"rendered":"<p>El d\u00eda 23 de noviembre de 2021 se realizo una charla sobre el proyecto de reforestaci\u00f3n del Club Andino de Cholila. Agradecemos enormemente al Sr. Bruno San Martin, presidente del Club Andino de Cholila, por la charla brindada a los estudiantes del 3er a\u00f1o del Profesorado de Biolog\u00eda dentro del espacio curricular de Educaci\u00f3n Ambiental &#8230; <a title=\"Actividades y propuestas del Profesorado de Biolog\u00eda\" class=\"read-more\" href=\"https:\/\/ies813pabloluppi-chu.infd.edu.ar\/sitio\/actividades-y-propuestas-del-profesorado-de-biologia\/\" aria-label=\"More on Actividades y propuestas del Profesorado de Biolog\u00eda\">[+]<\/a><\/p>\n","protected":false},"author":1899,"featured_media":0,"parent":0,"menu_order":0,"comment_status":"closed","ping_status":"closed","template":"","meta":[],"acf":[],"_links":{"self":[{"href":"https:\/\/ies813pabloluppi-chu.infd.edu.ar\/sitio\/wp-json\/wp\/v2\/pages\/4609"}],"collection":[{"href":"https:\/\/ies813pabloluppi-chu.infd.edu.ar\/sitio\/wp-json\/wp\/v2\/pages"}],"about":[{"href":"https:\/\/ies813pabloluppi-chu.infd.edu.ar\/sitio\/wp-json\/wp\/v2\/types\/page"}],"author":[{"embeddable":true,"href":"https:\/\/ies813pabloluppi-chu.infd.edu.ar\/sitio\/wp-json\/wp\/v2\/users\/1899"}],"replies":[{"embeddable":true,"href":"https:\/\/ies813pabloluppi-chu.infd.edu.ar\/sitio\/wp-json\/wp\/v2\/comments?post=4609"}],"version-history":[{"count":9,"href":"https:\/\/ies813pabloluppi-chu.infd.edu.ar\/sitio\/wp-json\/wp\/v2\/pages\/4609\/revisions"}],"predecessor-version":[{"id":4861,"href":"https:\/\/ies813pabloluppi-chu.infd.edu.ar\/sitio\/wp-json\/wp\/v2\/pages\/4609\/revisions\/4861"}],"wp:attachment":[{"href":"https:\/\/ies813pabloluppi-chu.infd.edu.ar\/sitio\/wp-json\/wp\/v2\/media?parent=4609"}],"curies":[{"name":"wp","href":"https:\/\/api.w.org\/{rel}","templated":true}]}}