{"id":5179,"date":"2022-09-19T13:44:26","date_gmt":"2022-09-19T16:44:26","guid":{"rendered":"https:\/\/ies813pabloluppi-chu.infd.edu.ar\/sitio\/?page_id=5179"},"modified":"2023-09-21T01:03:02","modified_gmt":"2023-09-21T04:03:02","slug":"quensenaunestudiante","status":"publish","type":"page","link":"https:\/\/ies813pabloluppi-chu.infd.edu.ar\/sitio\/quensenaunestudiante\/","title":{"rendered":"#quense\u00f1aunestudiante"},"content":{"rendered":"\n<p>#QUENSE\u00d1AUNESTUDIANTE es una pregunta que lanzamos para el 21 de septiembre desde la Coordinaci\u00f3n Institucional de Pol\u00edticas Estudiantiles (CIPE) del IES813 Prof. Pablo Luppi (Lago Puelo, El Hoyo, Cholila y Epuy\u00e9n). <\/p>\n\n\n\n<p>Buscamos para reflexionar sobre el lugar de quienes transitan su formaci\u00f3n en el Nivel Superior y pedimos a distintos referentes que respondan a la pregunta: <strong>\u00bfQu\u00e9 ense\u00f1anzas nos dejan quienes estudian?<\/strong><\/p>\n\n\n\n<p>Este a\u00f1o, sumamos los aportes de <strong>Silvia Duschantzky<\/strong>, Licenciada en Ciencias de la Educaci\u00f3n (UBA) y Mag\u00edster en Sociolog\u00eda de la Cultura y An\u00e1lisis Cultural (IDAES-UNSAM). Investigadora del \u00c1rea Educaci\u00f3n de la FLACSO Argentina, donde coordina el Proyecto Gesti\u00f3n Educativa, espacio de formaci\u00f3n de posgrado e investigaci\u00f3n.<\/p>\n\n\n\n<p>Aprender por la fuerza de las cosas<\/p>\n\n\n\n<figure class=\"wp-block-embed is-type-video is-provider-youtube wp-block-embed-youtube wp-embed-aspect-16-9 wp-has-aspect-ratio\"><div class=\"wp-block-embed__wrapper\">\n<iframe loading=\"lazy\" title=\"#quense\u00f1aunestudiante SILVIA DUSCHANTZKY\" width=\"1200\" height=\"675\" src=\"https:\/\/www.youtube.com\/embed\/5ugC0Rt8CPk?feature=oembed\" frameborder=\"0\" allow=\"accelerometer; autoplay; clipboard-write; encrypted-media; gyroscope; picture-in-picture; web-share\" allowfullscreen><\/iframe>\n<\/div><\/figure>\n\n\n\n<p><\/p>\n\n\n\n<p>A continuaci\u00f3n los aportes que en 2022 nos dej\u00f3 <strong>Carlos Skliar<\/strong>, Investigador principal del Consejo Nacional de Investigaciones Cient\u00edficas y Tecnol\u00f3gicas de la Argentina, CONICET e investigador principal del Instituto de Investigaciones Sociales de Am\u00e9rica latina (IICSAL) y del \u00c1rea de Educaci\u00f3n de la Facultad Latinoamericana de Ciencias Sociales \u2013 FLACSO Argentina.<\/p>\n\n\n\n<p>La Interrupci\u00f3n <\/p>\n\n\n\n<p>La Novedad<\/p>\n\n\n\n<p>La Alteridad<\/p>\n\n\n\n<figure class=\"wp-block-embed is-type-video is-provider-youtube wp-block-embed-youtube wp-embed-aspect-16-9 wp-has-aspect-ratio\"><div class=\"wp-block-embed__wrapper\">\n<iframe loading=\"lazy\" title=\"#quense\u00f1aunestudiante CARLOS SKLIAR\" width=\"1200\" height=\"675\" src=\"https:\/\/www.youtube.com\/embed\/PIYtFKEFp-M?feature=oembed\" frameborder=\"0\" allow=\"accelerometer; autoplay; clipboard-write; encrypted-media; gyroscope; picture-in-picture; web-share\" allowfullscreen><\/iframe>\n<\/div><\/figure>\n","protected":false},"excerpt":{"rendered":"<p>#QUENSE\u00d1AUNESTUDIANTE es una pregunta que lanzamos para el 21 de septiembre desde la Coordinaci\u00f3n Institucional de Pol\u00edticas Estudiantiles (CIPE) del IES813 Prof. Pablo Luppi (Lago Puelo, El Hoyo, Cholila y Epuy\u00e9n). Buscamos para reflexionar sobre el lugar de quienes transitan su formaci\u00f3n en el Nivel Superior y pedimos a distintos referentes que respondan a la &#8230; <a title=\"#quense\u00f1aunestudiante\" class=\"read-more\" href=\"https:\/\/ies813pabloluppi-chu.infd.edu.ar\/sitio\/quensenaunestudiante\/\" aria-label=\"More on #quense\u00f1aunestudiante\">[+]<\/a><\/p>\n","protected":false},"author":1696,"featured_media":0,"parent":0,"menu_order":0,"comment_status":"closed","ping_status":"closed","template":"","meta":[],"acf":[],"_links":{"self":[{"href":"https:\/\/ies813pabloluppi-chu.infd.edu.ar\/sitio\/wp-json\/wp\/v2\/pages\/5179"}],"collection":[{"href":"https:\/\/ies813pabloluppi-chu.infd.edu.ar\/sitio\/wp-json\/wp\/v2\/pages"}],"about":[{"href":"https:\/\/ies813pabloluppi-chu.infd.edu.ar\/sitio\/wp-json\/wp\/v2\/types\/page"}],"author":[{"embeddable":true,"href":"https:\/\/ies813pabloluppi-chu.infd.edu.ar\/sitio\/wp-json\/wp\/v2\/users\/1696"}],"replies":[{"embeddable":true,"href":"https:\/\/ies813pabloluppi-chu.infd.edu.ar\/sitio\/wp-json\/wp\/v2\/comments?post=5179"}],"version-history":[{"count":4,"href":"https:\/\/ies813pabloluppi-chu.infd.edu.ar\/sitio\/wp-json\/wp\/v2\/pages\/5179\/revisions"}],"predecessor-version":[{"id":5959,"href":"https:\/\/ies813pabloluppi-chu.infd.edu.ar\/sitio\/wp-json\/wp\/v2\/pages\/5179\/revisions\/5959"}],"wp:attachment":[{"href":"https:\/\/ies813pabloluppi-chu.infd.edu.ar\/sitio\/wp-json\/wp\/v2\/media?parent=5179"}],"curies":[{"name":"wp","href":"https:\/\/api.w.org\/{rel}","templated":true}]}}